{"id":107351,"date":"2022-05-09T06:42:13","date_gmt":"2022-05-09T04:42:13","guid":{"rendered":"https:\/\/aixia.dragster.digital\/careers\/"},"modified":"2024-09-04T11:46:09","modified_gmt":"2024-09-04T09:46:09","slug":"careers","status":"publish","type":"page","link":"https:\/\/aixia.dragster.digital\/en\/careers\/","title":{"rendered":"Careers"},"content":{"rendered":"\t\t<div data-elementor-type=\"wp-page\" data-elementor-id=\"107351\" class=\"elementor elementor-107351 elementor-24\" data-elementor-post-type=\"page\">\n\t\t\t\t<div class=\"elementor-element elementor-element-476b9c3 e-con-full e-flex e-con e-parent\" data-id=\"476b9c3\" data-element_type=\"container\">\n\t\t\t\t<div class=\"elementor-element elementor-element-8860d0e elementor-widget elementor-widget-aixia-hero\" data-id=\"8860d0e\" data-element_type=\"widget\" data-widget_type=\"aixia-hero.default\">\n\t\t\t\t<div class=\"elementor-widget-container\">\n\t\t\t        <div id=\"big_hero_sect\" data-w-id=\"f34055ec-093b-c98d-e3b6-552ad1fd16b5\" class=\"section relative \">\n\t\t\t\t\t\t\t<div class=\"absolut-image-container\">\n\t\t\t\t\t\t\t\t\t\t\t<img decoding=\"async\" src=\"http:\/\/aixia.dragster.digital\/wp-content\/uploads\/2024\/08\/karriar.webp\" loading=\"lazy\" alt=\"\" class=\"absolute-imagee\">\n\t\t\t\t\t\n\n\t\t\t\t\t<div data-w-id=\"8a16e63d-0e13-65e6-d5bd-5105a0ef8bc2\" style=\"opacity:0\" class=\"hero-overlay\"><\/div>\n\t\t\t\t<\/div>\n\t\t\t            \n            <div class=\"inner\">\n                <div data-w-id=\"8bcc0889-94d1-51cf-0e08-8716b6dd9716\" class=\"hero-container\">\n                    <div class=\"hero-bottom-inner\">\n                        <div class=\"overflow-hidden\">\n                            <div data-w-id=\"c6d2f379-c138-d2cf-67f6-1fb616344ea7\" style=\"-webkit-transform:translate3d(0, 110%, 0) scale3d(1, 1, 1) rotateX(0) rotateY(0) rotateZ(0) skew(0, 0);-moz-transform:translate3d(0, 110%, 0) scale3d(1, 1, 1) rotateX(0) rotateY(0) rotateZ(0) skew(0, 0);-ms-transform:translate3d(0, 110%, 0) scale3d(1, 1, 1) rotateX(0) rotateY(0) rotateZ(0) skew(0, 0);transform:translate3d(0, 110%, 0) scale3d(1, 1, 1) rotateX(0) rotateY(0) rotateZ(0) skew(0, 0);opacity:0.3\" class=\"_20px white hide-mobile-landscape\">\n                                                            <\/div>\n                            <h1 data-w-id=\"c6d2f379-c138-d2cf-67f6-1fb616344ea7\" style=\"-webkit-transform:translate3d(0, 110%, 0) scale3d(1, 1, 1) rotateX(0) rotateY(0) rotateZ(0) skew(0, 0);-moz-transform:translate3d(0, 110%, 0) scale3d(1, 1, 1) rotateX(0) rotateY(0) rotateZ(0) skew(0, 0);-ms-transform:translate3d(0, 110%, 0) scale3d(1, 1, 1) rotateX(0) rotateY(0) rotateZ(0) skew(0, 0);transform:translate3d(0, 110%, 0) scale3d(1, 1, 1) rotateX(0) rotateY(0) rotateZ(0) skew(0, 0);opacity:0.3\" class=\"text-color-white hero-heading\">\n                                Let your clever \n<br>\nmind flourish                                                            <\/h1>\n                        <\/div>\n                        <div class=\"normal-vertical-aligned right-footer\">\n                            <div class=\"overflow-hidden\">\n                                <div data-w-id=\"88149cd5-d360-f4ad-492d-09007516eb8f\" style=\"-webkit-transform:translate3d(0, 110%, 0) scale3d(1, 1, 1) rotateX(0) rotateY(0) rotateZ(0) skew(0, 0);-moz-transform:translate3d(0, 110%, 0) scale3d(1, 1, 1) rotateX(0) rotateY(0) rotateZ(0) skew(0, 0);-ms-transform:translate3d(0, 110%, 0) scale3d(1, 1, 1) rotateX(0) rotateY(0) rotateZ(0) skew(0, 0);transform:translate3d(0, 110%, 0) scale3d(1, 1, 1) rotateX(0) rotateY(0) rotateZ(0) skew(0, 0);opacity:0.3\" class=\"text-color-white\">\n                                    Are you ready to join a team of brilliant minds dedicated to simplifying the complex? We're looking for passionate individuals who thrive in a dynamic, innovative environment. Explore opportunities that match your skills and aspirations.                                <\/div>\n                            <\/div>\n\n                            \n                        <\/div>\n                    <\/div>\n                    <div class=\"spacer-xlarge\"><\/div>\n                <\/div>\n            <\/div>\n        <\/div>\n    \t\t<\/div>\n\t\t\t\t<\/div>\n\t\t\t\t<div class=\"elementor-element elementor-element-4ca4597 elementor-widget elementor-widget-aixia-breadcrumbs\" data-id=\"4ca4597\" data-element_type=\"widget\" data-widget_type=\"aixia-breadcrumbs.default\">\n\t\t\t\t<div class=\"elementor-widget-container\">\n\t\t\t<div class=\"section\"><div class=\"inner\"><div class=\"breadcrumb-outer\"><a href=\"https:\/\/aixia.dragster.digital\/en\/\" class=\"first-crumb w-inline-block\"><div>Home<\/div><\/a><div class=\"separator\"> \\ <\/div><\/div><\/div><\/div>\t\t<\/div>\n\t\t\t\t<\/div>\n\t\t\t\t<\/div>\n\t\t<div class=\"elementor-element elementor-element-99d11c6 e-flex e-con-boxed e-con e-parent\" data-id=\"99d11c6\" data-element_type=\"container\">\n\t\t\t\t\t<div class=\"e-con-inner\">\n\t\t\t\t<div class=\"elementor-element elementor-element-e6c00c3 spacer-xlarge elementor-widget-divider--view-line elementor-widget elementor-widget-divider\" data-id=\"e6c00c3\" data-element_type=\"widget\" data-widget_type=\"divider.default\">\n\t\t\t\t<div class=\"elementor-widget-container\">\n\t\t\t\t\t<div class=\"elementor-divider\">\n\t\t\t<span class=\"elementor-divider-separator\">\n\t\t\t\t\t\t<\/span>\n\t\t<\/div>\n\t\t\t\t<\/div>\n\t\t\t\t<\/div>\n\t\t\t\t<div class=\"elementor-element elementor-element-d1e7acc spacer-small elementor-widget-divider--view-line elementor-widget elementor-widget-divider\" data-id=\"d1e7acc\" data-element_type=\"widget\" data-widget_type=\"divider.default\">\n\t\t\t\t<div class=\"elementor-widget-container\">\n\t\t\t\t\t<div class=\"elementor-divider\">\n\t\t\t<span class=\"elementor-divider-separator\">\n\t\t\t\t\t\t<\/span>\n\t\t<\/div>\n\t\t\t\t<\/div>\n\t\t\t\t<\/div>\n\t\t<div class=\"elementor-element elementor-element-51886c5 e-grid e-con-boxed e-con e-child\" data-id=\"51886c5\" data-element_type=\"container\">\n\t\t\t\t\t<div class=\"e-con-inner\">\n\t\t<div class=\"elementor-element elementor-element-3cb0451 e-con-full e-flex e-con e-child\" data-id=\"3cb0451\" data-element_type=\"container\">\n\t\t\t\t<div class=\"elementor-element elementor-element-55935c7 elementor-widget elementor-widget-heading\" data-id=\"55935c7\" data-element_type=\"widget\" data-widget_type=\"heading.default\">\n\t\t\t\t<div class=\"elementor-widget-container\">\n\t\t\t<p class=\"elementor-heading-title elementor-size-default\">\\ Aixia in short  <\/p>\t\t<\/div>\n\t\t\t\t<\/div>\n\t\t\t\t<div class=\"elementor-element elementor-element-a6ef839 elementor-widget elementor-widget-heading\" data-id=\"a6ef839\" data-element_type=\"widget\" data-widget_type=\"heading.default\">\n\t\t\t\t<div class=\"elementor-widget-container\">\n\t\t\t<h2 class=\"elementor-heading-title elementor-size-default\">Who are we?  <\/h2>\t\t<\/div>\n\t\t\t\t<\/div>\n\t\t\t\t<div class=\"elementor-element elementor-element-384b659 elementor-widget elementor-widget-text-editor\" data-id=\"384b659\" data-element_type=\"widget\" data-widget_type=\"text-editor.default\">\n\t\t\t\t<div class=\"elementor-widget-container\">\n\t\t\t\t\t\t\t<p><span><span style=\"font-size: 11pt; font-family: Arial, sans-serif; background-color: transparent; font-variant-numeric: normal; font-variant-east-asian: normal; font-variant-alternates: normal; font-variant-position: normal; vertical-align: baseline; white-space-collapse: preserve;\">Aixia is a rapidly growing tech company specializing in cutting-edge solutions since 2007. We operate at the forefront of technology, collaborating closely with industry leaders, to pioneer next-generation solutions. <\/span><\/span><br><\/p>\t\t\t\t\t\t<\/div>\n\t\t\t\t<\/div>\n\t\t\t\t<\/div>\n\t\t\t\t<div class=\"elementor-element elementor-element-124dfd1 elementor-widget elementor-widget-image\" data-id=\"124dfd1\" data-element_type=\"widget\" data-widget_type=\"image.default\">\n\t\t\t\t<div class=\"elementor-widget-container\">\n\t\t\t\t\t\t\t\t\t\t\t\t\t<img fetchpriority=\"high\" decoding=\"async\" width=\"609\" height=\"550\" src=\"https:\/\/aixia.dragster.digital\/wp-content\/uploads\/2024\/08\/karriarimg.webp\" class=\"attachment-large size-large wp-image-111722\" alt=\"En medarbetare st\u00e5r vid en whiteboard och antecknar &quot;gl\u00e4dje, personal&quot;, arbetsmilj\u00f6&quot;\" srcset=\"https:\/\/aixia.dragster.digital\/wp-content\/uploads\/2024\/08\/karriarimg.webp 609w, https:\/\/aixia.dragster.digital\/wp-content\/uploads\/2024\/08\/karriarimg-300x271.webp 300w\" sizes=\"(max-width: 609px) 100vw, 609px\" \/>\t\t\t\t\t\t\t\t\t\t\t\t\t<\/div>\n\t\t\t\t<\/div>\n\t\t\t\t\t<\/div>\n\t\t\t\t<\/div>\n\t\t\t\t<div class=\"elementor-element elementor-element-e328079 spacer-xlarge elementor-widget-divider--view-line elementor-widget elementor-widget-divider\" data-id=\"e328079\" data-element_type=\"widget\" data-widget_type=\"divider.default\">\n\t\t\t\t<div class=\"elementor-widget-container\">\n\t\t\t\t\t<div class=\"elementor-divider\">\n\t\t\t<span class=\"elementor-divider-separator\">\n\t\t\t\t\t\t<\/span>\n\t\t<\/div>\n\t\t\t\t<\/div>\n\t\t\t\t<\/div>\n\t\t\t\t<div class=\"elementor-element elementor-element-4d791f3 elementor-widget elementor-widget-heading\" data-id=\"4d791f3\" data-element_type=\"widget\" data-widget_type=\"heading.default\">\n\t\t\t\t<div class=\"elementor-widget-container\">\n\t\t\t<h2 class=\"elementor-heading-title elementor-size-default\">Open positions  <\/h2>\t\t<\/div>\n\t\t\t\t<\/div>\n\t\t\t\t<div class=\"elementor-element elementor-element-79cb71c spacer-medium elementor-widget-divider--view-line elementor-widget elementor-widget-divider\" data-id=\"79cb71c\" data-element_type=\"widget\" data-widget_type=\"divider.default\">\n\t\t\t\t<div class=\"elementor-widget-container\">\n\t\t\t\t\t<div class=\"elementor-divider\">\n\t\t\t<span class=\"elementor-divider-separator\">\n\t\t\t\t\t\t<\/span>\n\t\t<\/div>\n\t\t\t\t<\/div>\n\t\t\t\t<\/div>\n\t\t\t\t\t<\/div>\n\t\t\t\t<\/div>\n\t\t<div class=\"elementor-element elementor-element-059c562 e-con-full e-flex e-con e-parent\" data-id=\"059c562\" data-element_type=\"container\">\n\t\t\t\t<div class=\"elementor-element elementor-element-dbffd59 elementor-widget elementor-widget-aixia-open-positions\" data-id=\"dbffd59\" data-element_type=\"widget\" data-widget_type=\"aixia-open-positions.default\">\n\t\t\t\t<div class=\"elementor-widget-container\">\n\t\t\t\r\n        <div class=\"section\">\r\n            <div class=\"inner\">\r\n                <div class=\"open-positions-list\">\r\n                                            <a href=\"https:\/\/aixia.dragster.digital\/en\/careers\/project-manager\/\" class=\"joblink w-inline-block\">\r\n                            <div class=\"blue-overlay-background\"><\/div>\r\n                            <img decoding=\"async\" src=\"https:\/\/aixia.dragster.digital\/wp-content\/themes\/aixia\/assets\/images\/Vector-28.png\" loading=\"lazy\" alt=\"\" class=\"relative hide-mobile-landscape\">\r\n                            <div class=\"_40px text-color-blue relative\">Project manager<\/div>\r\n                        <\/a>\r\n                                            <a href=\"https:\/\/aixia.dragster.digital\/en\/careers\/support-specialist\/\" class=\"joblink w-inline-block\">\r\n                            <div class=\"blue-overlay-background\"><\/div>\r\n                            <img decoding=\"async\" src=\"https:\/\/aixia.dragster.digital\/wp-content\/themes\/aixia\/assets\/images\/Vector-28.png\" loading=\"lazy\" alt=\"\" class=\"relative hide-mobile-landscape\">\r\n                            <div class=\"_40px text-color-blue relative\">Support specialist<\/div>\r\n                        <\/a>\r\n                                            <a href=\"https:\/\/aixia.dragster.digital\/en\/careers\/technical-consultancy-data-centre\/\" class=\"joblink w-inline-block\">\r\n                            <div class=\"blue-overlay-background\"><\/div>\r\n                            <img decoding=\"async\" src=\"https:\/\/aixia.dragster.digital\/wp-content\/themes\/aixia\/assets\/images\/Vector-28.png\" loading=\"lazy\" alt=\"\" class=\"relative hide-mobile-landscape\">\r\n                            <div class=\"_40px text-color-blue relative\">Technical Consultant AI Infrastructure<\/div>\r\n                        <\/a>\r\n                                            <a href=\"https:\/\/aixia.dragster.digital\/en\/careers\/technical-consultant-data-centre-with-focus-on-networking\/\" class=\"joblink w-inline-block\">\r\n                            <div class=\"blue-overlay-background\"><\/div>\r\n                            <img decoding=\"async\" src=\"https:\/\/aixia.dragster.digital\/wp-content\/themes\/aixia\/assets\/images\/Vector-28.png\" loading=\"lazy\" alt=\"\" class=\"relative hide-mobile-landscape\">\r\n                            <div class=\"_40px text-color-blue relative\">Technical Consultant Data Center \u2013 Focus Network<\/div>\r\n                        <\/a>\r\n                                            <a href=\"https:\/\/aixia.dragster.digital\/en\/careers\/technical-consultant-data-center-with-focus-on-storage\/\" class=\"joblink w-inline-block\">\r\n                            <div class=\"blue-overlay-background\"><\/div>\r\n                            <img decoding=\"async\" src=\"https:\/\/aixia.dragster.digital\/wp-content\/themes\/aixia\/assets\/images\/Vector-28.png\" loading=\"lazy\" alt=\"\" class=\"relative hide-mobile-landscape\">\r\n                            <div class=\"_40px text-color-blue relative\">Technical Consultant Data Center \u2013 Focus Storage<\/div>\r\n                        <\/a>\r\n                                            <a href=\"https:\/\/aixia.dragster.digital\/en\/careers\/account-manager\/\" class=\"joblink w-inline-block\">\r\n                            <div class=\"blue-overlay-background\"><\/div>\r\n                            <img decoding=\"async\" src=\"https:\/\/aixia.dragster.digital\/wp-content\/themes\/aixia\/assets\/images\/Vector-28.png\" loading=\"lazy\" alt=\"\" class=\"relative hide-mobile-landscape\">\r\n                            <div class=\"_40px text-color-blue relative\">Account Manager<\/div>\r\n                        <\/a>\r\n                                            <a href=\"https:\/\/aixia.dragster.digital\/en\/careers\/specialist-salesperson-data-centre\/\" class=\"joblink w-inline-block\">\r\n                            <div class=\"blue-overlay-background\"><\/div>\r\n                            <img decoding=\"async\" src=\"https:\/\/aixia.dragster.digital\/wp-content\/themes\/aixia\/assets\/images\/Vector-28.png\" loading=\"lazy\" alt=\"\" class=\"relative hide-mobile-landscape\">\r\n                            <div class=\"_40px text-color-blue relative\">Specialist Salesperson Data Center<\/div>\r\n                        <\/a>\r\n                                    <\/div>\r\n            <\/div>\r\n            <div class=\"spacer-xlarge\"><\/div>\r\n        <\/div>\r\n\r\n    \t\t<\/div>\n\t\t\t\t<\/div>\n\t\t\t\t<div class=\"elementor-element elementor-element-4159e7c elementor-widget elementor-widget-aixia-big-info-card\" data-id=\"4159e7c\" data-element_type=\"widget\" data-widget_type=\"aixia-big-info-card.default\">\n\t\t\t\t<div class=\"elementor-widget-container\">\n\t\t\t\n        <div data-w-id=\"83f84c37-5b85-fb9e-2c4b-61ff42a41655\" class=\"section\">\n            <div class=\"inner\">\n                <div class=\"big-card\">\n                    <img decoding=\"async\" src=\"http:\/\/aixia.dragster.digital\/wp-content\/uploads\/2024\/08\/8_3_Get_to_know_us.jpg\" loading=\"lazy\" id=\"w-node-_488ee62f-c818-8b6a-9453-0b3d219835fd-f114f042\" alt=\"\" class=\"image\">\n\n                    <div id=\"w-node-bfc14576-b01d-f3b1-eef4-18cd8ef3165f-f114f042\" class=\"card-right \">\n                        <div style=\"opacity:0.3\" class=\"card-right-inner\">\n                            <div class=\"\">\\ Get to know us<\/div>\n                            <div class=\"spacer-small\"><\/div>\n                            <div class=\"_40px\">Thriving on innovation<\/div>\n                            <div class=\"spacer-medium\"><\/div>\n                            <div class=\"elementor-widget-text-editor\"><p>At Aixia, we thrive on innovation and the joy of discovery. Our success stems from shared commitment, dedication, and teamwork. Whether we\u2019re collaborating with clients or brainstorming internally, we want to simplify the complex in everything we do. From initial concept to final implementation, we work closely with our clients to deliver smart, innovative solutions.<\/p><p>We prioritize work-life balance and support a hybrid work environment to accommodate your personal and professional life. Team-building activities, themed events, and supportive culture enhance our collaborative spirit.<\/p><\/div>\n                            <div class=\"spacer-large\"><\/div>\n                            \n                        <\/div>\n                    <\/div>\n                <\/div>\n            <\/div>\n        <\/div>\n\n    \t\t<\/div>\n\t\t\t\t<\/div>\n\t\t\t\t<div class=\"elementor-element elementor-element-9573c24 spacer-huge elementor-widget-divider--view-line elementor-widget elementor-widget-divider\" data-id=\"9573c24\" data-element_type=\"widget\" data-widget_type=\"divider.default\">\n\t\t\t\t<div class=\"elementor-widget-container\">\n\t\t\t\t\t<div class=\"elementor-divider\">\n\t\t\t<span class=\"elementor-divider-separator\">\n\t\t\t\t\t\t<\/span>\n\t\t<\/div>\n\t\t\t\t<\/div>\n\t\t\t\t<\/div>\n\t\t\t\t<\/div>\n\t\t<div class=\"elementor-element elementor-element-bc15ba1 e-con-full e-flex e-con e-parent\" data-id=\"bc15ba1\" data-element_type=\"container\">\n\t\t\t\t<div class=\"elementor-element elementor-element-3dbbde9 elementor-widget elementor-widget-aixia-contact-form\" data-id=\"3dbbde9\" data-element_type=\"widget\" data-widget_type=\"aixia-contact-form.default\">\n\t\t\t\t<div class=\"elementor-widget-container\">\n\t\t\t\n        <div data-w-id=\"c2992516-bf0b-d4c7-c715-6ef27910485a\" class=\"section bg-switch\">\n            <div class=\"spacer-huge\"><\/div>\n            <div class=\"inner\">\n                <div class=\"two-col\">\n                    <div id=\"w-node-_2f61edc9-353a-d0b0-2369-6d14a602fd83-f114f042\" class=\"left-column-formtext\">\n                        <div class=\"top-text\">\\ Spontaneous Application<\/div>\n                        <div class=\"spacer-small\"><\/div>\n                        <h2 class=\"_40px\">Can\u2019t find the<br> perfect role listed?<\/h2>\n                        <div class=\"spacer-medium\"><\/div>\n                        <div>We encourage you to submit a spontaneous application. Tell us about your skills and ambitions, and how you can contribute to our innovative team. We\u2019re always looking for clever minds to join us on our journey.<\/div>\n                    <\/div>\n                    <div id=\"w-node-_94d99a58-cce4-7585-fcc9-8579de6a8516-f114f042\" class=\"right-column-form\">\n                        <div class=\"column-form w-form\">\n\t\t\t\t\t\t\t\t\t\t\t\t\t\t\t\t\t\t<iframe loading=\"lazy\" title=\"Contact form English\" src=\"https:\/\/pages.upsales.com\/8588u6462b2db9ba44c968398804a026b6b52-frame\" \n\t\t\t\t\t\t\t\t\t\t\t\twidth=\"100%\" \n\t\t\t\t\t\t\t\t\t\t\t\theight=\"550px\" \n\t\t\t\t\t\t\t\t\t\t\t\tstyle=\"border:0\"><\/iframe>\n\t\t\t\t\t\t\t\t\t\t\t\t\t\t\t\t\t\n\t\t\t\t\t\t\t\n\t\t\t\t\t\t\t<!--\n                            <form id=\"email-form\" name=\"email-form\" data-name=\"Email Form\" method=\"get\" data-wf-page-id=\"6679161666218f09f114f042\" data-wf-element-id=\"353ed298-77a2-3d64-b729-99b23565fde5\"><input class=\"form-field w-input\" maxlength=\"256\" name=\"name\" data-name=\"Name\" placeholder=\"Full name*\" type=\"text\" id=\"name\" required=\"\"><input class=\"form-field w-input\" maxlength=\"256\" name=\"Email\" data-name=\"Email\" placeholder=\"Email*\" type=\"email\" id=\"Email\" required=\"\"><input class=\"form-field w-input\" maxlength=\"256\" name=\"Phone\" data-name=\"Phone\" placeholder=\"Phone\" type=\"tel\" id=\"Phone\"><input class=\"form-field w-input\" maxlength=\"256\" name=\"Company-Name\" data-name=\"Company Name\" placeholder=\"Company name\" type=\"text\" id=\"Company-Name\"><textarea placeholder=\"Message\" maxlength=\"5000\" id=\"Message\" name=\"Message\" data-name=\"Message\" class=\"form-field w-input\"><\/textarea>\n                                <div class=\"spacer-medium\"><\/div><label class=\"w-checkbox checkbox-field\">\n                                    <div class=\"w-checkbox-input w-checkbox-input--inputType-custom checkbox-box\"><\/div><input type=\"checkbox\" id=\"checkbox\" name=\"checkbox\" data-name=\"Checkbox\" required=\"\" style=\"opacity:0;position:absolute;z-index:-1\">\n                                    <div class=\"width-tiny\"><\/div><span class=\"w-form-label\" for=\"checkbox\">Im not an AI*<\/span>\n                                <\/label>\n                                <div class=\"horizontal-bottom\"><label class=\"w-checkbox checkbox-field\">\n                                        <div class=\"w-checkbox-input w-checkbox-input--inputType-custom checkbox-box\"><\/div><input type=\"checkbox\" id=\"checkbox-2\" name=\"checkbox-2\" data-name=\"Checkbox 2\" required=\"\" style=\"opacity:0;position:absolute;z-index:-1\">\n                                        <div class=\"width-tiny\"><\/div><span class=\"w-form-label\" for=\"checkbox-2\">I accept the handling of personal data*<\/span>\n                                    <\/label>\n                                    <div class=\"relative overbutton\"><input type=\"submit\" data-wait=\"Please wait...\" class=\"submit-button w-button\" value=\"Send\"><\/div>\n                                <\/div>\n                            <\/form>\n                            <div class=\"form_message-success w-form-done\">\n                                <div>Thank you!<br>\u200d<br> Your submission has been received,<br> we&#x27;ll get back to you as soon as we can!<\/div>\n                            <\/div>\n                            <div class=\"form_message-error w-form-fail\">\n                                <div>Oops! Something went wrong while submitting the form, <br>check through the fields and try again.<\/div>\n                            <\/div>\n\t\t\t\t\t\t\t-->\n                        <\/div>\n                    <\/div>\n                <\/div>\n            <\/div>\n            <div class=\"spacer-huge\"><\/div>\n        <\/div>\n\n    \t\t<\/div>\n\t\t\t\t<\/div>\n\t\t\t\t<\/div>\n\t\t\t\t<\/div>\n\t\t","protected":false},"excerpt":{"rendered":"<p>Let your clever mind flourish Are you ready to join a team of brilliant minds dedicated to simplifying the complex? We&#8217;re looking for passionate individuals who thrive in a dynamic, [&hellip;]<\/p>\n","protected":false},"author":1,"featured_media":0,"parent":0,"menu_order":0,"comment_status":"closed","ping_status":"closed","template":"","meta":{"_acf_changed":false,"inline_featured_image":false,"_monsterinsights_skip_tracking":false,"_monsterinsights_sitenote_active":false,"_monsterinsights_sitenote_note":"","_monsterinsights_sitenote_category":0,"footnotes":""},"class_list":["post-107351","page","type-page","status-publish","hentry"],"acf":[],"aioseo_notices":[],"_links":{"self":[{"href":"https:\/\/aixia.dragster.digital\/en\/wp-json\/wp\/v2\/pages\/107351"}],"collection":[{"href":"https:\/\/aixia.dragster.digital\/en\/wp-json\/wp\/v2\/pages"}],"about":[{"href":"https:\/\/aixia.dragster.digital\/en\/wp-json\/wp\/v2\/types\/page"}],"author":[{"embeddable":true,"href":"https:\/\/aixia.dragster.digital\/en\/wp-json\/wp\/v2\/users\/1"}],"replies":[{"embeddable":true,"href":"https:\/\/aixia.dragster.digital\/en\/wp-json\/wp\/v2\/comments?post=107351"}],"version-history":[{"count":43,"href":"https:\/\/aixia.dragster.digital\/en\/wp-json\/wp\/v2\/pages\/107351\/revisions"}],"predecessor-version":[{"id":115068,"href":"https:\/\/aixia.dragster.digital\/en\/wp-json\/wp\/v2\/pages\/107351\/revisions\/115068"}],"wp:attachment":[{"href":"https:\/\/aixia.dragster.digital\/en\/wp-json\/wp\/v2\/media?parent=107351"}],"curies":[{"name":"wp","href":"https:\/\/api.w.org\/{rel}","templated":true}]}}